{"id":147,"date":"2020-01-27T21:26:11","date_gmt":"2020-01-28T01:26:11","guid":{"rendered":"https:\/\/techbtc.com\/es\/?page_id=147"},"modified":"2024-11-13T18:00:13","modified_gmt":"2024-11-13T22:00:13","slug":"alarma-antirrobo","status":"publish","type":"page","link":"https:\/\/techbtc.com\/es\/linea-de-productos\/alarma-antirrobo\/","title":{"rendered":"Alarma Antirrobo"},"content":{"rendered":"\n<figure class=\"wp-block-image size-large\"><img decoding=\"async\" width=\"412\" height=\"72\" data-src=\"https:\/\/techbtc.com\/es\/wp-content\/uploads\/2020\/02\/Burglar-Alarm-pag-1.png\" alt=\"Burglar Alarm\" class=\"wp-image-520 lazyload\" data-srcset=\"https:\/\/techbtc.com\/es\/wp-content\/uploads\/2020\/02\/Burglar-Alarm-pag-1.png 412w, https:\/\/techbtc.com\/es\/wp-content\/uploads\/2020\/02\/Burglar-Alarm-pag-1-300x52.png 300w\" data-sizes=\"(max-width: 412px) 100vw, 412px\" src=\"data:image\/svg+xml;base64,PHN2ZyB3aWR0aD0iMSIgaGVpZ2h0PSIxIiB4bWxucz0iaHR0cDovL3d3dy53My5vcmcvMjAwMC9zdmciPjwvc3ZnPg==\" style=\"--smush-placeholder-width: 412px; --smush-placeholder-aspect-ratio: 412\/72;\" \/><\/figure>\n\n\n\n<p>Una constelaci\u00f3n de fabricantes aporta las principales capacidades en sensores, sistemas de radar perimetral y sistemas de alarma inal\u00e1mbricos que permiten integrar una soluci\u00f3n integral que funciona para cualquier escenario particular.<\/p>\n\n\n\n<p>Los ladrones tendr\u00e1n un d\u00eda muy malo con las capacidades de detecci\u00f3n que somos capaces de llevar al cliente final. No dude en preguntar. <\/p>\n\n\n<div class=\"wp-block-image\">\n<figure class=\"alignright size-large\"><img decoding=\"async\" width=\"109\" height=\"29\" data-src=\"https:\/\/techbtc.com\/es\/wp-content\/uploads\/2020\/02\/Burglar-Alarm-pag-end.png\" alt=\"Burglar Alarm\" class=\"wp-image-521 lazyload\" src=\"data:image\/svg+xml;base64,PHN2ZyB3aWR0aD0iMSIgaGVpZ2h0PSIxIiB4bWxucz0iaHR0cDovL3d3dy53My5vcmcvMjAwMC9zdmciPjwvc3ZnPg==\" style=\"--smush-placeholder-width: 109px; --smush-placeholder-aspect-ratio: 109\/29;\" \/><\/figure>\n<\/div>\n\n\n<hr class=\"wp-block-separator has-text-color has-css-opacity has-background is-style-wide\" style=\"background-color:#13a89e;color:#13a89e\"\/>\n\n\n\n<div class=\"wp-block-columns is-layout-flex wp-container-core-columns-is-layout-9d6595d7 wp-block-columns-is-layout-flex\">\n<div class=\"wp-block-column is-layout-flow wp-block-column-is-layout-flow\"><\/div>\n\n\n\n<div class=\"wp-block-column is-layout-flow wp-block-column-is-layout-flow\"><\/div>\n<\/div>\n\n\n\n<div class=\"wp-block-columns is-layout-flex wp-container-core-columns-is-layout-9d6595d7 wp-block-columns-is-layout-flex\">\n<div class=\"wp-block-column is-layout-flow wp-block-column-is-layout-flow\">\n<figure class=\"wp-block-image size-large\"><img decoding=\"async\" width=\"1024\" height=\"218\" data-src=\"https:\/\/techbtc.com\/es\/wp-content\/uploads\/2024\/11\/logo_DSC_blue_web-1024x218.png\" alt=\"logo dsc blue web\" class=\"wp-image-4376 lazyload\" data-srcset=\"https:\/\/techbtc.com\/es\/wp-content\/uploads\/2024\/11\/logo_DSC_blue_web-1024x218.png 1024w, https:\/\/techbtc.com\/es\/wp-content\/uploads\/2024\/11\/logo_DSC_blue_web-300x64.png 300w, https:\/\/techbtc.com\/es\/wp-content\/uploads\/2024\/11\/logo_DSC_blue_web-768x163.png 768w, https:\/\/techbtc.com\/es\/wp-content\/uploads\/2024\/11\/logo_DSC_blue_web-1536x327.png 1536w, https:\/\/techbtc.com\/es\/wp-content\/uploads\/2024\/11\/logo_DSC_blue_web.png 1623w\" data-sizes=\"(max-width: 1024px) 100vw, 1024px\" src=\"data:image\/svg+xml;base64,PHN2ZyB3aWR0aD0iMSIgaGVpZ2h0PSIxIiB4bWxucz0iaHR0cDovL3d3dy53My5vcmcvMjAwMC9zdmciPjwvc3ZnPg==\" style=\"--smush-placeholder-width: 1024px; --smush-placeholder-aspect-ratio: 1024\/218;\" \/><\/figure>\n<\/div>\n\n\n\n<div class=\"wp-block-column is-layout-flow wp-block-column-is-layout-flow\">\n<figure class=\"wp-block-image size-full\"><img decoding=\"async\" width=\"668\" height=\"216\" data-src=\"https:\/\/techbtc.com\/es\/wp-content\/uploads\/2024\/11\/Logo_Qolsys_web.webp\" alt=\"logo qolsys web\" class=\"wp-image-4377 lazyload\" data-srcset=\"https:\/\/techbtc.com\/es\/wp-content\/uploads\/2024\/11\/Logo_Qolsys_web.webp 668w, https:\/\/techbtc.com\/es\/wp-content\/uploads\/2024\/11\/Logo_Qolsys_web-300x97.webp 300w\" data-sizes=\"(max-width: 668px) 100vw, 668px\" src=\"data:image\/svg+xml;base64,PHN2ZyB3aWR0aD0iMSIgaGVpZ2h0PSIxIiB4bWxucz0iaHR0cDovL3d3dy53My5vcmcvMjAwMC9zdmciPjwvc3ZnPg==\" style=\"--smush-placeholder-width: 668px; --smush-placeholder-aspect-ratio: 668\/216;\" \/><\/figure>\n<\/div>\n\n\n\n<div class=\"wp-block-column is-layout-flow wp-block-column-is-layout-flow\">\n<figure class=\"wp-block-image size-large\"><img decoding=\"async\" width=\"1024\" height=\"244\" data-src=\"https:\/\/techbtc.com\/es\/wp-content\/uploads\/2024\/11\/Logo_Visonic_web-1024x244.webp\" alt=\"logo visonic web\" class=\"wp-image-4374 lazyload\" data-srcset=\"https:\/\/techbtc.com\/es\/wp-content\/uploads\/2024\/11\/Logo_Visonic_web-1024x244.webp 1024w, https:\/\/techbtc.com\/es\/wp-content\/uploads\/2024\/11\/Logo_Visonic_web-300x71.webp 300w, https:\/\/techbtc.com\/es\/wp-content\/uploads\/2024\/11\/Logo_Visonic_web-768x183.webp 768w, https:\/\/techbtc.com\/es\/wp-content\/uploads\/2024\/11\/Logo_Visonic_web-1536x366.webp 1536w, https:\/\/techbtc.com\/es\/wp-content\/uploads\/2024\/11\/Logo_Visonic_web-2048x488.webp 2048w\" data-sizes=\"(max-width: 1024px) 100vw, 1024px\" src=\"data:image\/svg+xml;base64,PHN2ZyB3aWR0aD0iMSIgaGVpZ2h0PSIxIiB4bWxucz0iaHR0cDovL3d3dy53My5vcmcvMjAwMC9zdmciPjwvc3ZnPg==\" style=\"--smush-placeholder-width: 1024px; --smush-placeholder-aspect-ratio: 1024\/244;\" \/><\/figure>\n<\/div>\n<\/div>\n\n\n\n<div class=\"wp-block-columns is-layout-flex wp-container-core-columns-is-layout-9d6595d7 wp-block-columns-is-layout-flex\">\n<div class=\"wp-block-column is-layout-flow wp-block-column-is-layout-flow\">\n<p>DSC,\u00a0establecida en 1979 y ahora parte de Johnson Controls, se especializa en tecnolog\u00eda de seguridad, incluyendo paneles de control de alarmas y sistemas de cifrado avanzados como el PowerG.\u00a0Johnson Controls, l\u00edder mundial en edificios inteligentes, que crea espacios seguros, saludables y sostenibles.<\/p>\n<\/div>\n\n\n\n<div class=\"wp-block-column is-layout-flow wp-block-column-is-layout-flow\">\n<p>Qolsys, adquirida por Johnson Controls, destaca en dom\u00f3tica con soluciones para hogares inteligentes.Potencia la innovaci\u00f3n, seguridad y alcance global de la marca l\u00edder en tecnolog\u00eda para edificios inteligentes que crea espacios seguros, saludables y sostenibles.<\/p>\n<\/div>\n\n\n\n<div class=\"wp-block-column is-layout-flow wp-block-column-is-layout-flow\">\n<p>Visonic ahora parte de Johnson Controls, lidera la seguridad con tecnolog\u00eda de vanguardia, fortaleciendo la innovaci\u00f3n, inversi\u00f3n en I+D y alcance global de la principal marca en tecnolog\u00eda para edificios inteligentes que crea espacios seguros, saludables y sostenibles.<\/p>\n<\/div>\n<\/div>\n\n\n\n<div class=\"wp-block-columns is-layout-flex wp-container-core-columns-is-layout-9d6595d7 wp-block-columns-is-layout-flex\">\n<div class=\"wp-block-column is-layout-flow wp-block-column-is-layout-flow\">\n<figure class=\"wp-block-image size-full\"><img decoding=\"async\" width=\"338\" height=\"86\" data-src=\"https:\/\/techbtc.com\/es\/wp-content\/uploads\/2024\/11\/Logo_AlepphAmericaCorporation_web2.webp\" alt=\"logo alepphamericacorporation web2\" class=\"wp-image-4375 lazyload\" data-srcset=\"https:\/\/techbtc.com\/es\/wp-content\/uploads\/2024\/11\/Logo_AlepphAmericaCorporation_web2.webp 338w, https:\/\/techbtc.com\/es\/wp-content\/uploads\/2024\/11\/Logo_AlepphAmericaCorporation_web2-300x76.webp 300w\" data-sizes=\"(max-width: 338px) 100vw, 338px\" src=\"data:image\/svg+xml;base64,PHN2ZyB3aWR0aD0iMSIgaGVpZ2h0PSIxIiB4bWxucz0iaHR0cDovL3d3dy53My5vcmcvMjAwMC9zdmciPjwvc3ZnPg==\" style=\"--smush-placeholder-width: 338px; --smush-placeholder-aspect-ratio: 338\/86;\" \/><\/figure>\n<\/div>\n\n\n\n<div class=\"wp-block-column is-layout-flow wp-block-column-is-layout-flow\">\n<figure class=\"wp-block-image size-full\"><img decoding=\"async\" width=\"507\" height=\"99\" data-src=\"https:\/\/techbtc.com\/es\/wp-content\/uploads\/2024\/11\/logo_magos_web.webp\" alt=\"logo magos web\" class=\"wp-image-4378 lazyload\" data-srcset=\"https:\/\/techbtc.com\/es\/wp-content\/uploads\/2024\/11\/logo_magos_web.webp 507w, https:\/\/techbtc.com\/es\/wp-content\/uploads\/2024\/11\/logo_magos_web-300x59.webp 300w\" data-sizes=\"(max-width: 507px) 100vw, 507px\" src=\"data:image\/svg+xml;base64,PHN2ZyB3aWR0aD0iMSIgaGVpZ2h0PSIxIiB4bWxucz0iaHR0cDovL3d3dy53My5vcmcvMjAwMC9zdmciPjwvc3ZnPg==\" style=\"--smush-placeholder-width: 507px; --smush-placeholder-aspect-ratio: 507\/99;\" \/><\/figure>\n<\/div>\n\n\n\n<div class=\"wp-block-column is-layout-flow wp-block-column-is-layout-flow\"><\/div>\n<\/div>\n\n\n\n<div class=\"wp-block-columns is-layout-flex wp-container-core-columns-is-layout-9d6595d7 wp-block-columns-is-layout-flex\">\n<div class=\"wp-block-column is-layout-flow wp-block-column-is-layout-flow\">\n<p>Aleph America Corporation, es un referente en dispositivos de detecci\u00f3n con m\u00e1s de 40 a\u00f1os de innovaci\u00f3n tecnol\u00f3gica y t\u00e9cnicas de fabricaci\u00f3n avanzadas. Destac\u00e1ndose en electr\u00f3nica, automoci\u00f3n, ofim\u00e1tica y seguridad,\u00a0<\/p>\n<\/div>\n\n\n\n<div class=\"wp-block-column is-layout-flow wp-block-column-is-layout-flow\">\n<p>Magos Systems, se especializa en tecnolog\u00eda avanzada de radares para la seguridad y protecci\u00f3n perimetral.\u00a0Ofrece radares de bajo costo, bajo consumo y alto rendimiento que se integran f\u00e1cilmente con sistemas existentes como administraci\u00f3n de video y PSIM para mejorar la detecci\u00f3n y seguridad en infraestructuras cr\u00edticas bajo cualquier condici\u00f3n clim\u00e1tica y de iluminaci\u00f3n.<\/p>\n<\/div>\n\n\n\n<div class=\"wp-block-column is-layout-flow wp-block-column-is-layout-flow\"><\/div>\n<\/div>\n\n\n\n<p><\/p>\n","protected":false},"excerpt":{"rendered":"<p>Una constelaci\u00f3n de fabricantes aporta las principales capacidades en sensores, sistemas de radar perimetral y sistemas de alarma inal\u00e1mbricos que permiten integrar una soluci\u00f3n integral que funciona para cualquier escenario &#8230;<\/p>\n","protected":false},"author":1,"featured_media":0,"parent":59,"menu_order":10,"comment_status":"closed","ping_status":"closed","template":"","meta":{"_seopress_robots_primary_cat":"","_seopress_titles_title":"","_seopress_titles_desc":"","_seopress_robots_index":"","footnotes":""},"class_list":["post-147","page","type-page","status-publish","hentry"],"_links":{"self":[{"href":"https:\/\/techbtc.com\/es\/wp-json\/wp\/v2\/pages\/147","targetHints":{"allow":["GET"]}}],"collection":[{"href":"https:\/\/techbtc.com\/es\/wp-json\/wp\/v2\/pages"}],"about":[{"href":"https:\/\/techbtc.com\/es\/wp-json\/wp\/v2\/types\/page"}],"author":[{"embeddable":true,"href":"https:\/\/techbtc.com\/es\/wp-json\/wp\/v2\/users\/1"}],"replies":[{"embeddable":true,"href":"https:\/\/techbtc.com\/es\/wp-json\/wp\/v2\/comments?post=147"}],"version-history":[{"count":0,"href":"https:\/\/techbtc.com\/es\/wp-json\/wp\/v2\/pages\/147\/revisions"}],"up":[{"embeddable":true,"href":"https:\/\/techbtc.com\/es\/wp-json\/wp\/v2\/pages\/59"}],"wp:attachment":[{"href":"https:\/\/techbtc.com\/es\/wp-json\/wp\/v2\/media?parent=147"}],"curies":[{"name":"wp","href":"https:\/\/api.w.org\/{rel}","templated":true}]}}