{"id":6826,"date":"2025-08-12T08:48:01","date_gmt":"2025-08-12T12:48:01","guid":{"rendered":"https:\/\/techbtc.com\/es\/?page_id=6826"},"modified":"2025-08-12T08:48:02","modified_gmt":"2025-08-12T12:48:02","slug":"reunete-con-nosotros2","status":"publish","type":"page","link":"https:\/\/techbtc.com\/es\/reunete-con-nosotros2\/","title":{"rendered":"Reunete con nosotros"},"content":{"rendered":"\n<div class=\"wp-block-cover\"><img decoding=\"async\" width=\"1024\" height=\"536\" class=\"wp-block-cover__image-background wp-image-6827 lazyload\" alt=\"techbtc agenda ess\" data-src=\"https:\/\/techbtc.com\/es\/wp-content\/uploads\/2025\/08\/techbtc_Agenda_ESS-1-1024x536.png\" style=\"--smush-placeholder-width: 1024px; --smush-placeholder-aspect-ratio: 1024\/536;object-position:97% 34%\" data-object-fit=\"cover\" data-object-position=\"97% 34%\" data-srcset=\"https:\/\/techbtc.com\/es\/wp-content\/uploads\/2025\/08\/techbtc_Agenda_ESS-1-1024x536.png 1024w, https:\/\/techbtc.com\/es\/wp-content\/uploads\/2025\/08\/techbtc_Agenda_ESS-1-300x157.png 300w, https:\/\/techbtc.com\/es\/wp-content\/uploads\/2025\/08\/techbtc_Agenda_ESS-1-768x402.png 768w, https:\/\/techbtc.com\/es\/wp-content\/uploads\/2025\/08\/techbtc_Agenda_ESS-1.png 1200w\" data-sizes=\"(max-width: 1024px) 100vw, 1024px\" src=\"data:image\/svg+xml;base64,PHN2ZyB3aWR0aD0iMSIgaGVpZ2h0PSIxIiB4bWxucz0iaHR0cDovL3d3dy53My5vcmcvMjAwMC9zdmciPjwvc3ZnPg==\" \/><span aria-hidden=\"true\" class=\"wp-block-cover__background has-background-dim-30 has-background-dim\"><\/span><div class=\"wp-block-cover__inner-container is-layout-flow wp-block-cover-is-layout-flow\">\n<p><\/p>\n\n\n\n<p><\/p>\n\n\n\n<p><\/p>\n\n\n\n<p class=\"has-text-align-left has-white-color has-text-color has-link-color wp-elements-b8e4c97e7c5500a38464f0ef295569c5\" style=\"font-size:30px\"><\/p>\n\n\n\n<h1 class=\"wp-block-heading\" style=\"font-size:33px\"><em>En ESS+ 2025, techBTC te ofrece asesor\u00eda exclusiva para integradores de seguridad electr\u00f3nica<strong> <\/strong><\/em><\/h1>\n\n\n\n<p style=\"font-size:16px\">20 min gratis para evaluar opciones multimarca con respaldo t\u00e9cnico y comercial, <strong>del 27-29 de agosto en el stand 908<\/strong>, con soluciones a medida para tu base instalada. <\/p>\n\n\n\n<p class=\"has-white-color has-text-color has-link-color has-medium-font-size wp-elements-5142fae0541aecc100c90c9e8a194736\"><strong><mark style=\"background-color:#183886\" class=\"has-inline-color has-white-color\"><em>Cuando la seguridad electr\u00f3nica exige expertos, co-dise\u00f1amos contigo la soluci\u00f3n m\u00e1s viable y sin sesgos<\/em>.<\/mark><\/strong><\/p>\n\n\n\n<p><\/p>\n\n\n\n<div class=\"wp-block-buttons alignfull is-content-justification-center is-layout-flex wp-container-core-buttons-is-layout-16018d1d wp-block-buttons-is-layout-flex\">\n<div class=\"wp-block-button\" id=\"suscribir-ess\"><a class=\"wp-block-button__link has-luminous-vivid-amber-background-color has-background has-text-align-center wp-element-button\"><strong>Quiero mi cita VIP en ESS+ Bogot\u00e1<\/strong><\/a><\/div>\n<\/div>\n\n\n\n<p class=\"has-text-align-center\"><em>Solo 30 asesor\u00edas VIP disponibles durante la feria<\/em>. Reserva hoy<\/p>\n<\/div><\/div>\n\n\n\n<hr class=\"wp-block-separator has-alpha-channel-opacity\"\/>\n\n\n\n<h2 class=\"wp-block-heading alignwide has-text-align-center has-x-large-font-size\">Esta <strong>Reuni\u00f3n VIP<\/strong> es para ti si&#8230;<\/h2>\n\n\n\n<div class=\"wp-block-columns is-layout-flex wp-container-core-columns-is-layout-9d6595d7 wp-block-columns-is-layout-flex\">\n<div class=\"wp-block-column has-background is-layout-flow wp-block-column-is-layout-flow\" style=\"background-color:#f6f6f6\"><div class=\"wp-block-image\">\n<figure class=\"aligncenter size-full\"><img decoding=\"async\" width=\"50\" height=\"50\" data-src=\"https:\/\/techbtc.com\/es\/wp-content\/uploads\/2025\/08\/Decisor-2.png\" alt=\"decisor\" class=\"wp-image-6675 lazyload\" style=\"--smush-placeholder-width: 50px; --smush-placeholder-aspect-ratio: 50\/50;aspect-ratio:1;object-fit:cover\" src=\"data:image\/svg+xml;base64,PHN2ZyB3aWR0aD0iMSIgaGVpZ2h0PSIxIiB4bWxucz0iaHR0cDovL3d3dy53My5vcmcvMjAwMC9zdmciPjwvc3ZnPg==\" \/><\/figure>\n<\/div>\n\n\n<div class=\"wp-block-group\"><div class=\"wp-block-group__inner-container is-layout-constrained wp-block-group-is-layout-constrained\">\n<div class=\"wp-block-columns is-layout-flex wp-container-core-columns-is-layout-9d6595d7 wp-block-columns-is-layout-flex\">\n<div class=\"wp-block-column is-layout-flow wp-block-column-is-layout-flow\">\n<p class=\"has-black-color has-text-color has-link-color has-medium-font-size wp-elements-51b703ab02036188f443a18fbeedf63d\"><strong>Asistes presencialmente a ESS+ Bogot\u00e1 2025<\/strong><\/p>\n\n\n\n<p class=\"has-black-color has-text-color has-link-color has-medium-font-size wp-elements-ab7be466b996fe8fe09001fba6f5deb4\">Del 27 al 29 de agosto en Corferias, stand 908. Cupos limitados por d\u00eda.<\/p>\n<\/div>\n<\/div>\n<\/div><\/div>\n<\/div>\n\n\n\n<div class=\"wp-block-column has-background is-layout-flow wp-block-column-is-layout-flow\" style=\"background-color:#f6f6f6\"><div class=\"wp-block-image\">\n<figure class=\"aligncenter size-full\"><img decoding=\"async\" width=\"50\" height=\"50\" data-src=\"https:\/\/techbtc.com\/es\/wp-content\/uploads\/2025\/08\/Engranaje.png\" alt=\"engranaje\" class=\"wp-image-6683 lazyload\" src=\"data:image\/svg+xml;base64,PHN2ZyB3aWR0aD0iMSIgaGVpZ2h0PSIxIiB4bWxucz0iaHR0cDovL3d3dy53My5vcmcvMjAwMC9zdmciPjwvc3ZnPg==\" style=\"--smush-placeholder-width: 50px; --smush-placeholder-aspect-ratio: 50\/50;\" \/><\/figure>\n<\/div>\n\n\n<p class=\"has-black-color has-text-color has-link-color has-medium-font-size wp-elements-b9ef5ed545c329d79e2990fc4e8b53be\"><strong>Gestionas proyectos de seguridad electr\u00f3nica<\/strong><\/p>\n\n\n\n<p class=\"has-black-color has-text-color has-link-color has-medium-font-size wp-elements-dfc89e6ba4a64ecbff36ecf7b53886a4\">Que combinan varias marcas y tecnolog\u00edas<\/p>\n<\/div>\n\n\n\n<div class=\"wp-block-column has-background is-layout-flow wp-block-column-is-layout-flow\" style=\"background-color:#f6f6f6\"><div class=\"wp-block-image\">\n<figure class=\"aligncenter size-full\"><img decoding=\"async\" width=\"50\" height=\"50\" data-src=\"https:\/\/techbtc.com\/es\/wp-content\/uploads\/2025\/08\/balanza.png\" alt=\"balanza\" class=\"wp-image-6685 lazyload\" src=\"data:image\/svg+xml;base64,PHN2ZyB3aWR0aD0iMSIgaGVpZ2h0PSIxIiB4bWxucz0iaHR0cDovL3d3dy53My5vcmcvMjAwMC9zdmciPjwvc3ZnPg==\" style=\"--smush-placeholder-width: 50px; --smush-placeholder-aspect-ratio: 50\/50;\" \/><\/figure>\n<\/div>\n\n\n<p class=\"has-black-color has-text-color has-link-color has-medium-font-size wp-elements-879158c2e4caeb9811877ffa20aae476\"><strong>Necesitas decidir con respaldo t\u00e9cnico y comercial<\/strong><\/p>\n\n\n\n<p class=\"has-black-color has-text-color has-link-color has-medium-font-size wp-elements-fad1b21d1e2db0db49827bd3a6637bc4\">Porque recibir\u00e1s datos directos y gu\u00eda imparcial para decidir con criterio.<\/p>\n<\/div>\n<\/div>\n\n\n\n<hr class=\"wp-block-separator has-alpha-channel-opacity\"\/>\n\n\n\n<div class=\"wp-block-columns is-layout-flex wp-container-core-columns-is-layout-9d6595d7 wp-block-columns-is-layout-flex\">\n<div class=\"wp-block-column is-layout-flow wp-block-column-is-layout-flow\">\n<p class=\"has-text-align-center has-text-color has-link-color has-large-font-size wp-elements-e8a5f7737d2e7047f2914cb9c971cd54\" style=\"color:#183886\"><strong>+50 marcas l\u00edderes en seguridad electr\u00f3nica<\/strong><\/p>\n\n\n\n<p class=\"has-text-align-center has-black-color has-text-color has-link-color has-medium-font-size wp-elements-698d1bbaa3adf0fc60b36322099bdb10\">techBTC es distribuidor exclusivo en Latinoam\u00e9rica de <strong>Zepcam, XPR, SELEA y Paso<\/strong>, con m\u00e1s de 15 a\u00f1os asesorando proyectos de alta complejidad en la regi\u00f3n.<\/p>\n<\/div>\n<\/div>\n\n\n\n<hr class=\"wp-block-separator has-alpha-channel-opacity\"\/>\n\n\n\n<div class=\"wp-block-buttons is-content-justification-center is-layout-flex wp-container-core-buttons-is-layout-14c487f4 wp-block-buttons-is-layout-flex\">\n<div class=\"wp-block-button\" id=\"suscribir-ess2\"><a class=\"wp-block-button__link has-luminous-vivid-amber-background-color has-background wp-element-button\"><strong><strong>Quiero mi cita VIP en ESS+ Bogot\u00e1<\/strong><\/strong><\/a><\/div>\n<\/div>\n\n\n\n<div class=\"wp-block-columns is-layout-flex wp-container-core-columns-is-layout-9d6595d7 wp-block-columns-is-layout-flex\">\n<div class=\"wp-block-column is-layout-flow wp-block-column-is-layout-flow\">\n<div class=\"wp-block-cover alignwide\" style=\"min-height:308px;aspect-ratio:unset;\"><img decoding=\"async\" width=\"250\" height=\"280\" class=\"wp-block-cover__image-background wp-image-6690 lazyload\" alt=\"reunion\" data-src=\"https:\/\/techbtc.com\/es\/wp-content\/uploads\/2025\/08\/reunion.png\" data-object-fit=\"cover\" src=\"data:image\/svg+xml;base64,PHN2ZyB3aWR0aD0iMSIgaGVpZ2h0PSIxIiB4bWxucz0iaHR0cDovL3d3dy53My5vcmcvMjAwMC9zdmciPjwvc3ZnPg==\" style=\"--smush-placeholder-width: 250px; --smush-placeholder-aspect-ratio: 250\/280;\" \/><span aria-hidden=\"true\" class=\"wp-block-cover__background has-background-dim\"><\/span><div class=\"wp-block-cover__inner-container is-layout-flow wp-block-cover-is-layout-flow\">\n<p class=\"has-text-align-center has-large-font-size\">Una <strong>experiencia <\/strong>1 a 1 en nuestro stand<\/p>\n<\/div><\/div>\n<\/div>\n\n\n\n<div class=\"wp-block-column is-layout-flow wp-block-column-is-layout-flow\">\n<p><\/p>\n\n\n\n<p><\/p>\n\n\n\n<p class=\"has-text-align-left has-black-color has-text-color has-link-color has-medium-font-size wp-elements-aba0716caa6627f691b468c57cc03a6d\">Recibe en 20 minutos el criterio experto que puede definir el \u00e9xito de tu pr\u00f3ximo proyecto. 10 fabricantes presentes en el stand 908. Flir, Vaidio, DW, XPR, Selea, Zepcam, Velasea, Ravel, Autofirex, Paso.<\/p>\n\n\n\n<p class=\"has-text-color has-link-color wp-elements-1b780bf2ebe12271697a6c1c75b20333\" style=\"color:#183886;font-size:17px\"><em>Trae tu caso y validamos en vivo rutas de integraci\u00f3n posibles con tu base instalada.<\/em><\/p>\n<\/div>\n<\/div>\n\n\n\n<div class=\"wp-block-columns is-layout-flex wp-container-core-columns-is-layout-9d6595d7 wp-block-columns-is-layout-flex\">\n<div class=\"wp-block-column has-background is-layout-flow wp-block-column-is-layout-flow\" style=\"background-color:#f6f6f6\">\n<h2 class=\"wp-block-heading has-text-align-center has-text-color has-link-color wp-elements-c31b085e6e718951e5da4f472f09e9b6\" style=\"color:#183886\"><strong>Optimiza tu margen<\/strong><\/h2>\n\n\n\n<div class=\"wp-block-columns is-layout-flex wp-container-core-columns-is-layout-9d6595d7 wp-block-columns-is-layout-flex\">\n<div class=\"wp-block-column is-layout-flow wp-block-column-is-layout-flow\">\n<p class=\"has-black-color has-text-color has-link-color wp-elements-55dd02495362584efaa6984b4ac8a15a\">Codise\u00f1amos la arquitectura correcta desde el d\u00eda 1 para reducir incompatibilidades y retrabajos en tus proyectos de seguridad electr\u00f3nica.<\/p>\n<\/div>\n<\/div>\n<\/div>\n\n\n\n<div class=\"wp-block-column has-background is-layout-flow wp-block-column-is-layout-flow\" style=\"background-color:#f6f6f6\">\n<h2 class=\"wp-block-heading has-text-align-center has-text-color has-link-color wp-elements-7a8a21128724e2130c657c891be31ba2\" style=\"color:#183886\"><strong>Criterio experto e imparcial<\/strong><\/h2>\n\n\n\n<div class=\"wp-block-columns is-layout-flex wp-container-core-columns-is-layout-9d6595d7 wp-block-columns-is-layout-flex\">\n<div class=\"wp-block-column is-layout-flow wp-block-column-is-layout-flow\">\n<p class=\"has-black-color has-text-color has-link-color wp-elements-13799e729d360486b9489c0299c0c7f3\">Co\u2011dise\u00f1o multimarca, a la medida de su negocio y requisitos propios del proyecto.<\/p>\n<\/div>\n<\/div>\n<\/div>\n\n\n\n<div class=\"wp-block-column has-text-color has-background has-link-color wp-elements-ea92223f9f35dd6410337d97db9ca912 is-layout-flow wp-block-column-is-layout-flow\" style=\"color:#183886;background-color:#f6f6f6\">\n<h2 class=\"wp-block-heading has-text-align-center has-text-color has-link-color wp-elements-20c9da1824206c88a04b4d8cfeb100e2\" style=\"color:#183886\"><strong>Acceso directo a fabricantes<\/strong><\/h2>\n\n\n\n<div class=\"wp-block-columns is-layout-flex wp-container-core-columns-is-layout-9d6595d7 wp-block-columns-is-layout-flex\">\n<div class=\"wp-block-column is-layout-flow wp-block-column-is-layout-flow\">\n<p class=\"has-black-color has-text-color has-link-color wp-elements-f7de46cb98a81d490f539b5709e13064\">Conecta con ingenieros de 10 fabricantes l\u00edderes y asegura soporte t\u00e9cnico senior durante todo tu proyecto.<\/p>\n<\/div>\n<\/div>\n<\/div>\n<\/div>\n\n\n\n<div class=\"wp-block-columns is-layout-flex wp-container-core-columns-is-layout-9d6595d7 wp-block-columns-is-layout-flex\">\n<div class=\"wp-block-column is-layout-flow wp-block-column-is-layout-flow\">\n<div class=\"wp-block-columns is-layout-flex wp-container-core-columns-is-layout-9d6595d7 wp-block-columns-is-layout-flex\">\n<div class=\"wp-block-column is-layout-flow wp-block-column-is-layout-flow\">\n<div class=\"wp-block-cover\"><img decoding=\"async\" width=\"1024\" height=\"536\" class=\"wp-block-cover__image-background wp-image-6698 lazyload\" alt=\"stand\" data-src=\"https:\/\/techbtc.com\/es\/wp-content\/uploads\/2025\/08\/stand-1024x536.png\" data-object-fit=\"cover\" data-srcset=\"https:\/\/techbtc.com\/es\/wp-content\/uploads\/2025\/08\/stand-1024x536.png 1024w, https:\/\/techbtc.com\/es\/wp-content\/uploads\/2025\/08\/stand-300x157.png 300w, https:\/\/techbtc.com\/es\/wp-content\/uploads\/2025\/08\/stand-768x402.png 768w, https:\/\/techbtc.com\/es\/wp-content\/uploads\/2025\/08\/stand.png 1200w\" data-sizes=\"(max-width: 1024px) 100vw, 1024px\" src=\"data:image\/svg+xml;base64,PHN2ZyB3aWR0aD0iMSIgaGVpZ2h0PSIxIiB4bWxucz0iaHR0cDovL3d3dy53My5vcmcvMjAwMC9zdmciPjwvc3ZnPg==\" style=\"--smush-placeholder-width: 1024px; --smush-placeholder-aspect-ratio: 1024\/536;\" \/><span aria-hidden=\"true\" class=\"wp-block-cover__background has-background-dim\"><\/span><div class=\"wp-block-cover__inner-container is-layout-flow wp-block-cover-is-layout-flow\">\n<p class=\"has-text-align-center has-medium-font-size\">techBTC, <strong>distribuidor de valor agregado<\/strong> con +15 a\u00f1os en Latinoam\u00e9rica, dise\u00f1amos contigo la soluci\u00f3n integral personalizada a tu proyecto del <strong>27 al 29 de agosto de 2025 en el Stand 908<\/strong>. Agenda tu cita hoy.<\/p>\n\n\n\n<div class=\"wp-block-buttons is-content-justification-center is-layout-flex wp-container-core-buttons-is-layout-16018d1d wp-block-buttons-is-layout-flex\">\n<div class=\"wp-block-button\" id=\"suscribir-ess3\"><a class=\"wp-block-button__link has-white-color has-luminous-vivid-amber-background-color has-text-color has-background has-link-color wp-element-button\"><strong><strong>Quiero mi cita VIP en ESS+ Bogot\u00e1<\/strong><\/strong><\/a><\/div>\n<\/div>\n\n\n\n<p class=\"has-text-align-center\">Sesi\u00f3n de descubrimiento t\u00e9cnico. No incluye ingenier\u00eda detallada en esta etapa.<\/p>\n<\/div><\/div>\n<\/div>\n<\/div>\n<\/div>\n<\/div>\n\n\n\n<p><\/p>\n","protected":false},"excerpt":{"rendered":"<p>Esta Reuni\u00f3n VIP es para ti si&#8230; Asistes presencialmente a ESS+ Bogot\u00e1 2025 Del 27 al 29 de agosto en Corferias, stand 908. Cupos limitados por d\u00eda. Gestionas proyectos de &#8230;<\/p>\n","protected":false},"author":7,"featured_media":0,"parent":0,"menu_order":0,"comment_status":"closed","ping_status":"closed","template":"template-fullwidth.php","meta":{"_seopress_robots_primary_cat":"","_seopress_titles_title":"","_seopress_titles_desc":"","_seopress_robots_index":"yes","footnotes":""},"class_list":["post-6826","page","type-page","status-publish","hentry"],"_links":{"self":[{"href":"https:\/\/techbtc.com\/es\/wp-json\/wp\/v2\/pages\/6826","targetHints":{"allow":["GET"]}}],"collection":[{"href":"https:\/\/techbtc.com\/es\/wp-json\/wp\/v2\/pages"}],"about":[{"href":"https:\/\/techbtc.com\/es\/wp-json\/wp\/v2\/types\/page"}],"author":[{"embeddable":true,"href":"https:\/\/techbtc.com\/es\/wp-json\/wp\/v2\/users\/7"}],"replies":[{"embeddable":true,"href":"https:\/\/techbtc.com\/es\/wp-json\/wp\/v2\/comments?post=6826"}],"version-history":[{"count":0,"href":"https:\/\/techbtc.com\/es\/wp-json\/wp\/v2\/pages\/6826\/revisions"}],"wp:attachment":[{"href":"https:\/\/techbtc.com\/es\/wp-json\/wp\/v2\/media?parent=6826"}],"curies":[{"name":"wp","href":"https:\/\/api.w.org\/{rel}","templated":true}]}}